{"id":129,"date":"2025-06-25T03:05:28","date_gmt":"2025-06-25T03:05:28","guid":{"rendered":"https:\/\/piolitachill.uy\/?page_id=129"},"modified":"2025-06-25T11:03:02","modified_gmt":"2025-06-25T11:03:02","slug":"club","status":"publish","type":"page","link":"https:\/\/piolitachill.uy\/?page_id=129","title":{"rendered":"CLUB"},"content":{"rendered":"\n<p><strong>Piolita Chill nace como idea en el a\u00f1o 2021 ante la necesidad colectiva de un producto de excelente calidad, y, dadas las condiciones legales de Uruguay, toma car\u00e1cter de Club de Membres\u00eda.<\/strong><\/p>\n\n\n\n<p><strong>En el mismo a\u00f1o se inician los tr\u00e1mites para la conformaci\u00f3n de la asociaci\u00f3n civil y su posterior aprobaci\u00f3n en MEC\/IRCCA.<\/strong><\/p>\n\n\n\n<p><strong>Este proceso se preve\u00eda finalizado para el a\u00f1o 2022-2023, pero por problemas burocr\u00e1ticos ajenos a nuestro poder nos vimos en una situaci\u00f3n que no nos dej\u00f3 otra opci\u00f3n m\u00e1s que conformar una nueva asociaci\u00f3n civil.<\/strong><br><br><strong>Hoy, en 2025, estamos iniciando nuevamente el proceso de conformaci\u00f3n de otra asociaci\u00f3n civil, convencidos de que esta vez s\u00ed vamos a poder finalizar los tramites y conseguir las aprobaciones necesarias para solucionar la necesidad colectiva que 4 a\u00f1os m\u00e1s tarde sigue igual de vigente.<\/strong><\/p>\n\n\n\n<p><strong>Esperamos que nos puedas acompa\u00f1ar en este viaje tan lindo y frustrante a la vez.<\/strong><\/p>\n\n\n\n<p><strong>Sabemos que el camino es el correcto y confiamos en nuestros resultados, s\u00f3lo falta esperar y paciencia por suerte nos sobra.<\/strong><\/p>\n\n\n\n<p><strong>Ismael Olivera, Presidente y Responsable T\u00e9cnico<\/strong><\/p>\n","protected":false},"excerpt":{"rendered":"<p>Piolita Chill nace como idea en el a\u00f1o 2021 ante la necesidad colectiva de un producto de excelente calidad, y, dadas las condiciones legales de Uruguay, toma car\u00e1cter de Club de Membres\u00eda. En el mismo a\u00f1o se inician los tr\u00e1mites para la conformaci\u00f3n de la asociaci\u00f3n civil y su posterior aprobaci\u00f3n en MEC\/IRCCA. Este proceso [&hellip;]<\/p>\n","protected":false},"author":2,"featured_media":0,"parent":30,"menu_order":0,"comment_status":"closed","ping_status":"closed","template":"","meta":{"footnotes":""},"class_list":["post-129","page","type-page","status-publish","hentry"],"_links":{"self":[{"href":"https:\/\/piolitachill.uy\/index.php?rest_route=\/wp\/v2\/pages\/129","targetHints":{"allow":["GET"]}}],"collection":[{"href":"https:\/\/piolitachill.uy\/index.php?rest_route=\/wp\/v2\/pages"}],"about":[{"href":"https:\/\/piolitachill.uy\/index.php?rest_route=\/wp\/v2\/types\/page"}],"author":[{"embeddable":true,"href":"https:\/\/piolitachill.uy\/index.php?rest_route=\/wp\/v2\/users\/2"}],"replies":[{"embeddable":true,"href":"https:\/\/piolitachill.uy\/index.php?rest_route=%2Fwp%2Fv2%2Fcomments&post=129"}],"version-history":[{"count":5,"href":"https:\/\/piolitachill.uy\/index.php?rest_route=\/wp\/v2\/pages\/129\/revisions"}],"predecessor-version":[{"id":143,"href":"https:\/\/piolitachill.uy\/index.php?rest_route=\/wp\/v2\/pages\/129\/revisions\/143"}],"up":[{"embeddable":true,"href":"https:\/\/piolitachill.uy\/index.php?rest_route=\/wp\/v2\/pages\/30"}],"wp:attachment":[{"href":"https:\/\/piolitachill.uy\/index.php?rest_route=%2Fwp%2Fv2%2Fmedia&parent=129"}],"curies":[{"name":"wp","href":"https:\/\/api.w.org\/{rel}","templated":true}]}}